{"id":105,"date":"2015-11-15T21:14:49","date_gmt":"2015-11-15T21:14:49","guid":{"rendered":"http:\/\/casadoamigo.org.br\/home\/?page_id=105"},"modified":"2024-07-25T22:13:49","modified_gmt":"2024-07-25T22:13:49","slug":"a-entidade","status":"publish","type":"page","link":"http:\/\/casadoamigo.org.br\/home\/sobre-nos\/a-entidade\/","title":{"rendered":"A entidade"},"content":{"rendered":"<p>A Associa\u00e7\u00e3o Casa do Amigo, entidade civil sem fins lucrativos, foi fundada em 1\u00ba de setembro de 1997, por um grupo de conhecidos que desejava oferecer \u00e0 comunidade de Cachoeira Paulista um projeto que atendesse \u00e0s fam\u00edlias que viviam em situa\u00e7\u00e3o de vulnerabilidade social e n\u00e3o tinham com quem deixar seus filhos durante a jornada de trabalho fora do hor\u00e1rio escolar.<\/p>\n<p>Foi declarada como Utilidade P\u00fablica:<\/p>\n<ul>\n<li>Municipal, pela Lei n\u00ba 1.237 de 31\/05\/2000;<\/li>\n<li>Estadual, pela Lei n\u00ba 11.236 de 30\/07\/2002; e<\/li>\n<li>Federal, pela Portaria do Minist\u00e9rio da Justi\u00e7a n\u00ba 1.069 de 10\/09\/2002.<\/li>\n<\/ul>\n<p>Est\u00e1 inscrita nos \u00d3rg\u00e3os:<\/p>\n<ul>\n<li>Conselho Municipal de Assist\u00eancia Social;<\/li>\n<li>Conselho Municipal dos Direitos da Crian\u00e7a e do Adolescente;<\/li>\n<li>Secretaria Estadual de Assist\u00eancia e Desenvolvimento Social; e<\/li>\n<li>Conselho Nacional de Assist\u00eancia Social, entre outros.<\/li>\n<\/ul>\n<p>As crian\u00e7as atendidas na entidade v\u00eam principalmente de bairros com baixo n\u00edvel de qualidade de vida. S\u00e3o filhos de trabalhadoras dom\u00e9sticas, vendedores aut\u00f4nomos, dentre outras. A renda familiar dos nossos alunos est\u00e1 compreendida entre um e dois sal\u00e1rios m\u00ednimos. S\u00e3o crian\u00e7as e adolescentes de fam\u00edlias de baixo poder aquisitivo, em situa\u00e7\u00e3o de risco social e pessoal.<\/p>\n<p>No ano de 2024 a Associa\u00e7\u00e3o Casa do Amigo precisou alterar seu estatuto e mudar seu p\u00fablico, diante da informa\u00e7\u00e3o de que a educa\u00e7\u00e3o municipal passaria a ser integral, o que j\u00e1 havia iniciado em algumas escolas.<\/p>\n<p>Optamos pelo atendimento a crian\u00e7as autistas por ser um servi\u00e7o necess\u00e1rio, com uma popula\u00e7\u00e3o que aumenta a cada dia, sendo que nosso munic\u00edpio n\u00e3o possui ainda atendimento exclusivo para esse p\u00fablico.<\/p>\n<p>A Associa\u00e7\u00e3o Casa do Amigo agora tem por objetivos apoiar, incentivar, desenvolver e promover a assist\u00eancia social, a cidadania, os direitos humanos, a sa\u00fade, a cultura, a educa\u00e7\u00e3o, a inova\u00e7\u00e3o, o esporte e o lazer, visando a melhoria da qualidade de vida de crian\u00e7as e adolescentes, bem como os inclu\u00eddos no transtorno do espectro autista e seus familiares.<\/p>\n<p>Atualmente atendemos gratuitamente 40 crian\u00e7as, com idade entre 03 e 14 anos, frequentes em escola durante os dois per\u00edodos, com equipe multidisciplinar composta psic\u00f3logos, psicopedagogos, fonoaudi\u00f3logos, fisioterapeutas, terapeutas ocupacionais e educadores f\u00edsicos. Adaptamos nossas instala\u00e7\u00f5es com ajuda de parceiros e atendemos de segunda a sexta-feira, das 7h \u00e0s 11h e das 13h \u00e0s 17h.<\/p>\n","protected":false},"excerpt":{"rendered":"<p>A Associa\u00e7\u00e3o Casa do Amigo, entidade civil sem fins lucrativos, foi fundada em 1\u00ba de setembro de 1997, por um grupo de conhecidos que desejava oferecer \u00e0 comunidade de Cachoeira Paulista um projeto que atendesse \u00e0s fam\u00edlias que viviam em situa\u00e7\u00e3o de vulnerabilidade social e n\u00e3o tinham com quem deixar seus filhos durante a jornada [&hellip;]<\/p>\n","protected":false},"author":1,"featured_media":0,"parent":19,"menu_order":0,"comment_status":"closed","ping_status":"closed","template":"","meta":{"footnotes":""},"class_list":["post-105","page","type-page","status-publish","hentry","post"],"_links":{"self":[{"href":"http:\/\/casadoamigo.org.br\/home\/wp-json\/wp\/v2\/pages\/105","targetHints":{"allow":["GET"]}}],"collection":[{"href":"http:\/\/casadoamigo.org.br\/home\/wp-json\/wp\/v2\/pages"}],"about":[{"href":"http:\/\/casadoamigo.org.br\/home\/wp-json\/wp\/v2\/types\/page"}],"author":[{"embeddable":true,"href":"http:\/\/casadoamigo.org.br\/home\/wp-json\/wp\/v2\/users\/1"}],"replies":[{"embeddable":true,"href":"http:\/\/casadoamigo.org.br\/home\/wp-json\/wp\/v2\/comments?post=105"}],"version-history":[{"count":5,"href":"http:\/\/casadoamigo.org.br\/home\/wp-json\/wp\/v2\/pages\/105\/revisions"}],"predecessor-version":[{"id":567,"href":"http:\/\/casadoamigo.org.br\/home\/wp-json\/wp\/v2\/pages\/105\/revisions\/567"}],"up":[{"embeddable":true,"href":"http:\/\/casadoamigo.org.br\/home\/wp-json\/wp\/v2\/pages\/19"}],"wp:attachment":[{"href":"http:\/\/casadoamigo.org.br\/home\/wp-json\/wp\/v2\/media?parent=105"}],"curies":[{"name":"wp","href":"https:\/\/api.w.org\/{rel}","templated":true}]}}