{"id":136,"date":"2015-11-16T01:05:59","date_gmt":"2015-11-16T01:05:59","guid":{"rendered":"http:\/\/casadoamigo.org.br\/home\/?page_id=136"},"modified":"2024-07-27T19:19:47","modified_gmt":"2024-07-27T19:19:47","slug":"saiba-como-ajudar","status":"publish","type":"page","link":"http:\/\/casadoamigo.org.br\/home\/saiba-como-ajudar\/","title":{"rendered":"Como ajudar"},"content":{"rendered":"<hr \/>\n<h2><span style=\"background-color: #ffffff; color: #333399;\">Saiba como ajudar<\/span><\/h2>\n<p><span style=\"font-size: 14pt;\">A Casa do Amigo, em Cachoeira Paulista, conta com a ajuda de amigos e volunt\u00e1rios.<\/span><br \/>\n<span style=\"font-size: 14pt;\">Para tornar-se um volunt\u00e1rio, basta entrar em contato pelo telefone (12) 2102-0673, ou fazer-nos uma visita, assim, voc\u00ea conhecer\u00e1 como funciona nossa entidade.<\/span><\/p>\n<p><span style=\"font-size: 14pt;\">Voc\u00ea pode ajudar, fazendo um dep\u00f3sito de qualquer valor na nossa conta.<\/span><\/p>\n<ul>\n<li><span style=\"font-size: 14pt;\"><strong>Banco Santander<\/strong><\/span><\/li>\n<li><span style=\"font-size: 14pt;\"><strong>Ag.0164<\/strong><\/span><\/li>\n<li><span style=\"font-size: 14pt;\"><strong>C\/C:\u00a0\u00a013-000471-3<\/strong><\/span><\/li>\n<\/ul>\n<p><span style=\"font-size: 14pt;\">Tamb\u00e9m pelo pix: cnpj 02.324.072\/0001-10 &#8211; Projeto Crian\u00e7a do Futuro-Associa\u00e7\u00e3o Casa do Amigo<\/span><\/p>\n<p><span style=\"font-size: 14pt;\">Outras doa\u00e7\u00f5es s\u00e3o de extrema import\u00e2ncia para nossas crian\u00e7as. Como por exemplo:<\/span><\/p>\n<ul>\n<li><span style=\"font-size: 14pt;\">Material para Escrit\u00f3rio<\/span><\/li>\n<li><span style=\"font-size: 14pt;\">Material de higiene<\/span><\/li>\n<li><span style=\"font-size: 14pt;\">Material Escolar<\/span><\/li>\n<li><span style=\"font-size: 14pt;\">Brinquedos<\/span><\/li>\n<li><span style=\"font-size: 14pt;\">Roupas<\/span><\/li>\n<\/ul>\n<hr>\n","protected":false},"excerpt":{"rendered":"<p>Saiba como ajudar A Casa do Amigo, em Cachoeira Paulista, conta com a ajuda de amigos e volunt\u00e1rios. Para tornar-se um volunt\u00e1rio, basta entrar em contato pelo telefone (12) 2102-0673, ou fazer-nos uma visita, assim, voc\u00ea conhecer\u00e1 como funciona nossa entidade. Voc\u00ea pode ajudar, fazendo um dep\u00f3sito de qualquer valor na nossa conta. Banco Santander [&hellip;]<\/p>\n","protected":false},"author":1,"featured_media":0,"parent":0,"menu_order":0,"comment_status":"closed","ping_status":"closed","template":"","meta":{"footnotes":""},"class_list":["post-136","page","type-page","status-publish","hentry","post"],"_links":{"self":[{"href":"http:\/\/casadoamigo.org.br\/home\/wp-json\/wp\/v2\/pages\/136","targetHints":{"allow":["GET"]}}],"collection":[{"href":"http:\/\/casadoamigo.org.br\/home\/wp-json\/wp\/v2\/pages"}],"about":[{"href":"http:\/\/casadoamigo.org.br\/home\/wp-json\/wp\/v2\/types\/page"}],"author":[{"embeddable":true,"href":"http:\/\/casadoamigo.org.br\/home\/wp-json\/wp\/v2\/users\/1"}],"replies":[{"embeddable":true,"href":"http:\/\/casadoamigo.org.br\/home\/wp-json\/wp\/v2\/comments?post=136"}],"version-history":[{"count":17,"href":"http:\/\/casadoamigo.org.br\/home\/wp-json\/wp\/v2\/pages\/136\/revisions"}],"predecessor-version":[{"id":699,"href":"http:\/\/casadoamigo.org.br\/home\/wp-json\/wp\/v2\/pages\/136\/revisions\/699"}],"wp:attachment":[{"href":"http:\/\/casadoamigo.org.br\/home\/wp-json\/wp\/v2\/media?parent=136"}],"curies":[{"name":"wp","href":"https:\/\/api.w.org\/{rel}","templated":true}]}}