{"id":206,"date":"2015-12-30T01:30:06","date_gmt":"2015-12-30T01:30:06","guid":{"rendered":"http:\/\/casadoamigo.org.br\/home\/?page_id=206"},"modified":"2026-01-21T22:01:56","modified_gmt":"2026-01-21T22:01:56","slug":"convenios","status":"publish","type":"page","link":"http:\/\/casadoamigo.org.br\/home\/transparencia\/convenios\/","title":{"rendered":"Conv\u00eanios"},"content":{"rendered":"<p><a href=\"http:\/\/casadoamigo.org.br\/home\/wp-content\/uploads\/2026\/01\/Termo-de-Colaboracao-Municipal-2016.pdf\">Termo de Colabora\u00e7\u00e3o &#8211; Municipal 2016<\/a><\/p>\r\n<p><a href=\"http:\/\/casadoamigo.org.br\/home\/wp-content\/uploads\/2026\/01\/termo-aditivo-municipal-2016.pdf\">termo aditivo municipal 2016<\/a><\/p>\r\n<p><a href=\"http:\/\/casadoamigo.org.br\/home\/wp-content\/uploads\/2026\/01\/termo-de-colaboracao-2018.pdf\">termo de colabora\u00e7\u00e3o 2018<\/a><\/p>\r\n<p><a href=\"http:\/\/casadoamigo.org.br\/home\/wp-content\/uploads\/2026\/01\/Termo-de-Colaboracao-2019.pdf\">Termo de Colabora\u00e7\u00e3o 2019<\/a><\/p>\r\n<p><a href=\"http:\/\/casadoamigo.org.br\/home\/wp-content\/uploads\/2026\/01\/Termo-Aditivo-01-2019.pdf\">Termo Aditivo 01-2019<\/a><\/p>\r\n<p><a href=\"http:\/\/casadoamigo.org.br\/home\/wp-content\/uploads\/2026\/01\/Termo-Aditivo-02-2019.pdf\">Termo Aditivo 02-2019<\/a><\/p>\r\n<p><a href=\"http:\/\/casadoamigo.org.br\/home\/wp-content\/uploads\/2026\/01\/Termo-Aditivo-02-2019-ref.2020.pdf\">Termo Aditivo 02-2019 ref.2020<\/a><\/p>\r\n<p><a href=\"http:\/\/casadoamigo.org.br\/home\/wp-content\/uploads\/2026\/01\/termo-de-fomento-2024.pdf\">termo de fomento 2024<\/a><\/p>\r\n<p><a href=\"http:\/\/casadoamigo.org.br\/home\/wp-content\/uploads\/2026\/01\/TERMO-DE-CESSAO-VEICULO-2025.pdf\">TERMO DE CESS\u00c3O VE\u00cdCULO 2025<\/a><\/p>\r\n<p><a href=\"http:\/\/casadoamigo.org.br\/home\/wp-content\/uploads\/2026\/01\/Termo-de-Fomento-Emenda-Estadual.pdf\">Termo de Fomento Emenda Estadual 2025<\/a><\/p>\r\n<p>&nbsp;<\/p>\r\n\r\n<p>&nbsp;<\/p>\r\n\r\n\r\n\r\n<p>&nbsp;<\/p>\r\n","protected":false},"excerpt":{"rendered":"<p>Termo de Colabora\u00e7\u00e3o &#8211; Municipal 2016 termo aditivo municipal 2016 termo de colabora\u00e7\u00e3o 2018 Termo de Colabora\u00e7\u00e3o 2019 Termo Aditivo 01-2019 Termo Aditivo 02-2019 Termo Aditivo 02-2019 ref.2020 termo de fomento 2024 TERMO DE CESS\u00c3O VE\u00cdCULO 2025 Termo de Fomento Emenda Estadual 2025 &nbsp; &nbsp;<\/p>\n","protected":false},"author":1,"featured_media":0,"parent":125,"menu_order":0,"comment_status":"closed","ping_status":"closed","template":"","meta":{"footnotes":""},"class_list":["post-206","page","type-page","status-publish","hentry","post"],"_links":{"self":[{"href":"http:\/\/casadoamigo.org.br\/home\/wp-json\/wp\/v2\/pages\/206","targetHints":{"allow":["GET"]}}],"collection":[{"href":"http:\/\/casadoamigo.org.br\/home\/wp-json\/wp\/v2\/pages"}],"about":[{"href":"http:\/\/casadoamigo.org.br\/home\/wp-json\/wp\/v2\/types\/page"}],"author":[{"embeddable":true,"href":"http:\/\/casadoamigo.org.br\/home\/wp-json\/wp\/v2\/users\/1"}],"replies":[{"embeddable":true,"href":"http:\/\/casadoamigo.org.br\/home\/wp-json\/wp\/v2\/comments?post=206"}],"version-history":[{"count":19,"href":"http:\/\/casadoamigo.org.br\/home\/wp-json\/wp\/v2\/pages\/206\/revisions"}],"predecessor-version":[{"id":1297,"href":"http:\/\/casadoamigo.org.br\/home\/wp-json\/wp\/v2\/pages\/206\/revisions\/1297"}],"up":[{"embeddable":true,"href":"http:\/\/casadoamigo.org.br\/home\/wp-json\/wp\/v2\/pages\/125"}],"wp:attachment":[{"href":"http:\/\/casadoamigo.org.br\/home\/wp-json\/wp\/v2\/media?parent=206"}],"curies":[{"name":"wp","href":"https:\/\/api.w.org\/{rel}","templated":true}]}}