{"id":761,"date":"2025-01-16T18:24:27","date_gmt":"2025-01-16T18:24:27","guid":{"rendered":"https:\/\/casadoamigo.org.br\/home\/?page_id=761"},"modified":"2025-01-16T19:02:48","modified_gmt":"2025-01-16T19:02:48","slug":"prestacao-de-contas","status":"publish","type":"page","link":"http:\/\/casadoamigo.org.br\/home\/prestacao-de-contas\/","title":{"rendered":"Presta\u00e7\u00e3o de contas"},"content":{"rendered":"<p><a href=\"http:\/\/casadoamigo.org.br\/home\/wp-content\/uploads\/2025\/01\/2014-Demonstrativo-de-Receitas-e-Despesas.doc\">2014 Demonstrativo-de-Receitas-e-Despesas Municipal<\/a><\/p>\n<p><a href=\"http:\/\/casadoamigo.org.br\/home\/wp-content\/uploads\/2025\/01\/2014-Demonstrativo-de-Receitas-e-Despesas-Estadual.doc\">2014 Demonstrativo-de-Receitas-e-Despesas-Estadual<\/a><\/p>\n<p><a href=\"http:\/\/casadoamigo.org.br\/home\/wp-content\/uploads\/2025\/01\/2014-Demonstrativo-de-Receitas-e-Despesas-Municipal.doc\">2014 Demonstrativo-de-Receitas-e-Despesas-Municipal1<\/a><\/p>\n<p><a href=\"http:\/\/casadoamigo.org.br\/home\/wp-content\/uploads\/2025\/01\/2015-Demonstrativo-de-Receitas-e-Despesas-Estadual-correto.doc\">2015 Demonstrativo-de-Receitas-e-Despesas-Estadual<\/a><\/p>\n<p><a href=\"http:\/\/casadoamigo.org.br\/home\/wp-content\/uploads\/2025\/01\/2015-Demonstrativo-de-Receitas-e-Despesas-Fundcad.doc\">2015 Demonstrativo-de-Receitas-e-Despesas-Fundcad<\/a><\/p>\n<p><a href=\"http:\/\/casadoamigo.org.br\/home\/wp-content\/uploads\/2025\/01\/2015-Demonstrativo-de-Receitas-e-Despesas-Municipal-1.doc\">2015 Demonstrativo-de-Receitas-e-Despesas-Municipal-1<\/a><\/p>\n<p><a href=\"http:\/\/casadoamigo.org.br\/home\/wp-content\/uploads\/2025\/01\/2016-Demonstrativo-de-Receitas-e-Despesas-Estadual-1.doc\">2016 Demonstrat<\/a><a href=\"http:\/\/casadoamigo.org.br\/home\/wp-content\/uploads\/2025\/01\/2016-Demonstrativo-de-Receitas-e-Despesas-Estadual-1.doc\">ivo-de-Receitas-e-Despesas-Estadual-1<\/a><\/p>\n<p><a href=\"http:\/\/casadoamigo.org.br\/home\/wp-content\/uploads\/2025\/01\/2016-Demonstrativo-de-Receitas-e-Despesas-Fundcad-1.doc\">2016 Demonstrativo-de-Receitas-e-Despesas-Fundcad-1<\/a><\/p>\n<p><a href=\"http:\/\/casadoamigo.org.br\/home\/wp-content\/uploads\/2025\/01\/2017-demonstrativo-receitas-e-despesas-estadual.doc\">2017 demonstrativo-receitas-e-despesas estadual<\/a><\/p>\n<p><a href=\"http:\/\/casadoamigo.org.br\/home\/wp-content\/uploads\/2025\/01\/2017-demonstrativo-receitas-e-despesas-fundcad.doc\">2017 demonstrativo-receitas-e-despesas fundcad<\/a><\/p>\n<p><a href=\"http:\/\/casadoamigo.org.br\/home\/wp-content\/uploads\/2025\/01\/2017-demonstrativo-receitas-e-despesas-municipal.doc\">2017 demonstrativo-receitas-e-despesas municipal<\/a><\/p>\n<p><a href=\"http:\/\/casadoamigo.org.br\/home\/wp-content\/uploads\/2025\/01\/2018-demonstrativo-receitas-e-despesas.-estadual.doc\">2018 demonstrativo-receitas-e-despesas. estadual<\/a><\/p>\n<p><a href=\"http:\/\/casadoamigo.org.br\/home\/wp-content\/uploads\/2025\/01\/2018-demonstrativo-receitas-e-despesas-fundcad.doc\">2018 demonstrativo-receitas-e-despesas-fundcad<\/a><\/p>\n<p><a href=\"http:\/\/casadoamigo.org.br\/home\/wp-content\/uploads\/2025\/01\/2018-demonstrativo-receitas-e-despesas-municipal.doc\">2018 demonstrativo-receitas-e-despesas-municipal<\/a><\/p>\n<p><a href=\"http:\/\/casadoamigo.org.br\/home\/wp-content\/uploads\/2025\/01\/2019-demonstrativo-de-receitas-e-despesas-judiciario.doc\">2019 demonstrativo de receitas e despesas judici\u00e1rio<\/a><\/p>\n<p><a href=\"http:\/\/casadoamigo.org.br\/home\/wp-content\/uploads\/2025\/01\/2019-demonstrativo-receitas-e-despesas-Estadual.doc\">2019 demonstrativo-receitas-e-despesas-Estadual<\/a><\/p>\n<p><a href=\"http:\/\/casadoamigo.org.br\/home\/wp-content\/uploads\/2025\/01\/2019-demonstrativo-receitas-e-despesas-federal.doc\">2019 demonstrativo-receitas-e-despesas-federal<\/a><\/p>\n<p><a href=\"http:\/\/casadoamigo.org.br\/home\/wp-content\/uploads\/2025\/01\/2019-demonstrativo-receitas-e-despesas-Fundcad.doc\">2019 demonstrativo-receitas-e-despesas-Fundcad<\/a><\/p>\n<p><a href=\"http:\/\/casadoamigo.org.br\/home\/wp-content\/uploads\/2025\/01\/2019-demonstrativo-receitas-e-despesas-municipal.doc\">2019 demonstrativo-receitas-e-despesas-municipal<\/a><\/p>\n<p><a href=\"http:\/\/casadoamigo.org.br\/home\/wp-content\/uploads\/2025\/01\/2020-demonstrativo-receitas-e-despesas-estadual.doc\">2020-demonstrativo-receitas-e-despesas-estadual<\/a><\/p>\n<p><a href=\"http:\/\/casadoamigo.org.br\/home\/wp-content\/uploads\/2025\/01\/2020-demonstrativo-receitas-e-despesas-fundcad.doc\">2020-demonstrativo-receitas-e-despesas-fundcad<\/a><\/p>\n<p><a href=\"http:\/\/casadoamigo.org.br\/home\/wp-content\/uploads\/2025\/01\/2020-demonstrativo-receitas-e-despesas-municipal.doc\">2020-demonstrativo-receitas-e-despesas-municipal<\/a><\/p>\n<p><a href=\"http:\/\/casadoamigo.org.br\/home\/wp-content\/uploads\/2025\/01\/2021-Prestacao-de-contas-judiciario.doc\">2021 Presta\u00e7\u00e3o de contas judici\u00e1rio<\/a><\/p>\n<p><a href=\"http:\/\/casadoamigo.org.br\/home\/wp-content\/uploads\/2025\/01\/2021-demonstrativo-receitas-e-despesas-estadual.doc\">2021-demonstrativo-receitas-e-despesas-estadual<\/a><\/p>\n<p><a href=\"http:\/\/casadoamigo.org.br\/home\/wp-content\/uploads\/2025\/01\/2021-demonstrativo-receitas-e-despesas-fundcad1.doc\">2021-demonstrativo-receitas-e-despesas-fundcad1<\/a><\/p>\n<p><a href=\"http:\/\/casadoamigo.org.br\/home\/wp-content\/uploads\/2025\/01\/2021-demonstrativo-receitas-e-despesas-fundcad2.doc\">2021-demonstrativo-receitas-e-despesas-fundcad2<\/a><\/p>\n<p><a href=\"http:\/\/casadoamigo.org.br\/home\/wp-content\/uploads\/2025\/01\/2021-demonstrativo-receitas-e-despesas-fundcad3.doc\">2021-demonstrativo-receitas-e-despesas-fundcad3<\/a><\/p>\n<p><a href=\"http:\/\/casadoamigo.org.br\/home\/wp-content\/uploads\/2025\/01\/2021-demonstrativo-receitas-e-despesas-municipal.doc\">2021-demonstrativo-receitas-e-despesas-municipal<\/a><\/p>\n<p><a href=\"http:\/\/casadoamigo.org.br\/home\/wp-content\/uploads\/2025\/01\/2022.-Demonstrativo-receitas-e-despesas-Fundcad-1.doc\">2022.-Demonstrativo-receitas-e-despesas-Fundcad<\/a><\/p>\n<p><a href=\"http:\/\/casadoamigo.org.br\/home\/wp-content\/uploads\/2025\/01\/2022-prestacao-d-econtas-judiciario-1.doc\">2022 presta\u00e7\u00e3o d econtas judici\u00e1rio 1<\/a><\/p>\n<p><a href=\"http:\/\/casadoamigo.org.br\/home\/wp-content\/uploads\/2025\/01\/2022-prestacao-de-cointas-judiciario-2.doc\">2022 presta\u00e7\u00e3o de cointas judiciario 2<\/a><\/p>\n<p><a href=\"http:\/\/casadoamigo.org.br\/home\/wp-content\/uploads\/2025\/01\/2023.-demonstrativo-receitas-e-despesas-emenda-estadual.doc\">2023. demonstrativo receitas e despesas emenda estadual<\/a><\/p>\n<p><a href=\"http:\/\/casadoamigo.org.br\/home\/wp-content\/uploads\/2025\/01\/2023.demonstrativo-receitas-e-despesas-emenda-federal.doc\">2023.demonstrativo receitas e despesas emenda federal<\/a><\/p>\n<p><a href=\"http:\/\/casadoamigo.org.br\/home\/wp-content\/uploads\/2025\/01\/2023.-prestacao-de-contas-Judiciario.doc\">2023. presta\u00e7\u00e3o de contas Judici\u00e1rio<\/a><\/p>\n<p><a href=\"http:\/\/casadoamigo.org.br\/home\/wp-content\/uploads\/2025\/01\/2023.-demonstrativo-receitas-e-despesas-fundcad-menor-.doc\">2023. demonstrativo receitas e despesas fundcad menor<\/a><\/p>\n<p><a href=\"http:\/\/casadoamigo.org.br\/home\/wp-content\/uploads\/2025\/01\/2023.demonstrativo-receitas-e-despesas-Fundcad-maior.doc\">2023.demonstrativo receitas e despesas Fundcad maior<\/a><\/p>\n<p><a href=\"http:\/\/casadoamigo.org.br\/home\/wp-content\/uploads\/2025\/01\/2024-demonstrativo-receitas-e-despesas-recurso-MRS.doc\">2024 demonstrativo receitas e despesas recurso MRS<\/a><\/p>\n<p><a href=\"http:\/\/casadoamigo.org.br\/home\/wp-content\/uploads\/2025\/01\/2024-demonstrativo-receitas-e-despesas-Fundcad-menor.doc\">2024 demonstrativo receitas e despesas Fundcad menor<\/a><\/p>\n<p><a href=\"http:\/\/casadoamigo.org.br\/home\/wp-content\/uploads\/2025\/01\/2024-demonstrativo-receitas-e-despesas-Fundcad-maior.doc\">2024 demonstrativo receitas e despesas Fundcad maior<\/a><\/p>\n<p><a href=\"http:\/\/casadoamigo.org.br\/home\/wp-content\/uploads\/2025\/01\/2024-demonstrativo-receitas-e-despesas-emenda-federal.doc\">2024 demonstrativo receitas e despesas emenda federal<\/a><\/p>\n","protected":false},"excerpt":{"rendered":"<p>2014 Demonstrativo-de-Receitas-e-Despesas Municipal 2014 Demonstrativo-de-Receitas-e-Despesas-Estadual 2014 Demonstrativo-de-Receitas-e-Despesas-Municipal1 2015 Demonstrativo-de-Receitas-e-Despesas-Estadual 2015 Demonstrativo-de-Receitas-e-Despesas-Fundcad 2015 Demonstrativo-de-Receitas-e-Despesas-Municipal-1 2016 Demonstrativo-de-Receitas-e-Despesas-Estadual-1 2016 Demonstrativo-de-Receitas-e-Despesas-Fundcad-1 2017 demonstrativo-receitas-e-despesas estadual 2017 demonstrativo-receitas-e-despesas fundcad 2017 demonstrativo-receitas-e-despesas municipal 2018 demonstrativo-receitas-e-despesas. estadual 2018 demonstrativo-receitas-e-despesas-fundcad 2018 demonstrativo-receitas-e-despesas-municipal 2019 demonstrativo de receitas e despesas judici\u00e1rio 2019 demonstrativo-receitas-e-despesas-Estadual 2019 demonstrativo-receitas-e-despesas-federal 2019 demonstrativo-receitas-e-despesas-Fundcad 2019 demonstrativo-receitas-e-despesas-municipal 2020-demonstrativo-receitas-e-despesas-estadual 2020-demonstrativo-receitas-e-despesas-fundcad 2020-demonstrativo-receitas-e-despesas-municipal 2021 Presta\u00e7\u00e3o de contas [&hellip;]<\/p>\n","protected":false},"author":1,"featured_media":0,"parent":0,"menu_order":0,"comment_status":"closed","ping_status":"closed","template":"","meta":{"footnotes":""},"class_list":["post-761","page","type-page","status-publish","hentry","post"],"_links":{"self":[{"href":"http:\/\/casadoamigo.org.br\/home\/wp-json\/wp\/v2\/pages\/761","targetHints":{"allow":["GET"]}}],"collection":[{"href":"http:\/\/casadoamigo.org.br\/home\/wp-json\/wp\/v2\/pages"}],"about":[{"href":"http:\/\/casadoamigo.org.br\/home\/wp-json\/wp\/v2\/types\/page"}],"author":[{"embeddable":true,"href":"http:\/\/casadoamigo.org.br\/home\/wp-json\/wp\/v2\/users\/1"}],"replies":[{"embeddable":true,"href":"http:\/\/casadoamigo.org.br\/home\/wp-json\/wp\/v2\/comments?post=761"}],"version-history":[{"count":5,"href":"http:\/\/casadoamigo.org.br\/home\/wp-json\/wp\/v2\/pages\/761\/revisions"}],"predecessor-version":[{"id":801,"href":"http:\/\/casadoamigo.org.br\/home\/wp-json\/wp\/v2\/pages\/761\/revisions\/801"}],"wp:attachment":[{"href":"http:\/\/casadoamigo.org.br\/home\/wp-json\/wp\/v2\/media?parent=761"}],"curies":[{"name":"wp","href":"https:\/\/api.w.org\/{rel}","templated":true}]}}