{"id":858,"date":"2025-01-16T22:36:34","date_gmt":"2025-01-16T22:36:34","guid":{"rendered":"https:\/\/casadoamigo.org.br\/home\/?page_id=858"},"modified":"2026-01-20T21:43:27","modified_gmt":"2026-01-20T21:43:27","slug":"2022-2","status":"publish","type":"page","link":"http:\/\/casadoamigo.org.br\/home\/2022-2\/","title":{"rendered":"2022"},"content":{"rendered":"<p><a href=\"http:\/\/casadoamigo.org.br\/home\/wp-content\/uploads\/2026\/01\/PRESTACAO-DE-CONTAS-JUDICIARIO.pdf\">PRESTA\u00c7\u00c3O DE CONTAS JUDICIARIO<\/a><\/p>\n<p><a href=\"http:\/\/casadoamigo.org.br\/home\/wp-content\/uploads\/2026\/01\/PRESTACAO-DE-CONTAS-JUDICIARIO-1.pdf\">PRESTA\u00c7\u00c3O DE CONTAS JUDICIARIO 1<\/a><\/p>\n<p><a href=\"http:\/\/casadoamigo.org.br\/home\/wp-content\/uploads\/2026\/01\/Demonstrativo-receitas-e-despesas-Fundcad.pdf\">Demonstrativo receitas e despesas Fundcad<\/a><\/p>\n","protected":false},"excerpt":{"rendered":"<p>PRESTA\u00c7\u00c3O DE CONTAS JUDICIARIO PRESTA\u00c7\u00c3O DE CONTAS JUDICIARIO 1 Demonstrativo receitas e despesas Fundcad<\/p>\n","protected":false},"author":1,"featured_media":0,"parent":0,"menu_order":0,"comment_status":"closed","ping_status":"closed","template":"","meta":{"footnotes":""},"class_list":["post-858","page","type-page","status-publish","hentry","post"],"_links":{"self":[{"href":"http:\/\/casadoamigo.org.br\/home\/wp-json\/wp\/v2\/pages\/858","targetHints":{"allow":["GET"]}}],"collection":[{"href":"http:\/\/casadoamigo.org.br\/home\/wp-json\/wp\/v2\/pages"}],"about":[{"href":"http:\/\/casadoamigo.org.br\/home\/wp-json\/wp\/v2\/types\/page"}],"author":[{"embeddable":true,"href":"http:\/\/casadoamigo.org.br\/home\/wp-json\/wp\/v2\/users\/1"}],"replies":[{"embeddable":true,"href":"http:\/\/casadoamigo.org.br\/home\/wp-json\/wp\/v2\/comments?post=858"}],"version-history":[{"count":7,"href":"http:\/\/casadoamigo.org.br\/home\/wp-json\/wp\/v2\/pages\/858\/revisions"}],"predecessor-version":[{"id":1116,"href":"http:\/\/casadoamigo.org.br\/home\/wp-json\/wp\/v2\/pages\/858\/revisions\/1116"}],"wp:attachment":[{"href":"http:\/\/casadoamigo.org.br\/home\/wp-json\/wp\/v2\/media?parent=858"}],"curies":[{"name":"wp","href":"https:\/\/api.w.org\/{rel}","templated":true}]}}