{"id":860,"date":"2025-01-16T22:36:57","date_gmt":"2025-01-16T22:36:57","guid":{"rendered":"https:\/\/casadoamigo.org.br\/home\/?page_id=860"},"modified":"2026-01-20T21:54:14","modified_gmt":"2026-01-20T21:54:14","slug":"2023-2","status":"publish","type":"page","link":"http:\/\/casadoamigo.org.br\/home\/2023-2\/","title":{"rendered":"2023"},"content":{"rendered":"<p><a href=\"http:\/\/casadoamigo.org.br\/home\/wp-content\/uploads\/2026\/01\/demonstrativo-receitas-e-despesas-emenda-estadual.pdf\">demonstrativo receitas e despesas emenda estadual<\/a><\/p>\n<p><a href=\"http:\/\/casadoamigo.org.br\/home\/wp-content\/uploads\/2026\/01\/demonstrativo-receitas-e-despesas-emenda-federal.pdf\">demonstrativo receitas e despesas emenda federal<\/a><\/p>\n<p><a href=\"http:\/\/casadoamigo.org.br\/home\/wp-content\/uploads\/2026\/01\/prestacao-de-contas-judiciario.pdf\">presta\u00e7\u00e3o de contas judici\u00e1rio<\/a><\/p>\n<p><a href=\"http:\/\/casadoamigo.org.br\/home\/wp-content\/uploads\/2026\/01\/demonstrativo-receitas-e-despesas-Fundcad-2.pdf\">demonstrativo receitas e despesas Fundcad<\/a><\/p>\n<p><a href=\"http:\/\/casadoamigo.org.br\/home\/wp-content\/uploads\/2026\/01\/demonstrativo-receitas-e-despesas-fundcad1.pdf\">demonstrativo receitas e despesas fundcad1<\/a><\/p>\n<p>&nbsp;<\/p>\n","protected":false},"excerpt":{"rendered":"<p>demonstrativo receitas e despesas emenda estadual demonstrativo receitas e despesas emenda federal presta\u00e7\u00e3o de contas judici\u00e1rio demonstrativo receitas e despesas Fundcad demonstrativo receitas e despesas fundcad1 &nbsp;<\/p>\n","protected":false},"author":1,"featured_media":0,"parent":0,"menu_order":0,"comment_status":"closed","ping_status":"closed","template":"","meta":{"footnotes":""},"class_list":["post-860","page","type-page","status-publish","hentry","post"],"_links":{"self":[{"href":"http:\/\/casadoamigo.org.br\/home\/wp-json\/wp\/v2\/pages\/860","targetHints":{"allow":["GET"]}}],"collection":[{"href":"http:\/\/casadoamigo.org.br\/home\/wp-json\/wp\/v2\/pages"}],"about":[{"href":"http:\/\/casadoamigo.org.br\/home\/wp-json\/wp\/v2\/types\/page"}],"author":[{"embeddable":true,"href":"http:\/\/casadoamigo.org.br\/home\/wp-json\/wp\/v2\/users\/1"}],"replies":[{"embeddable":true,"href":"http:\/\/casadoamigo.org.br\/home\/wp-json\/wp\/v2\/comments?post=860"}],"version-history":[{"count":9,"href":"http:\/\/casadoamigo.org.br\/home\/wp-json\/wp\/v2\/pages\/860\/revisions"}],"predecessor-version":[{"id":1127,"href":"http:\/\/casadoamigo.org.br\/home\/wp-json\/wp\/v2\/pages\/860\/revisions\/1127"}],"wp:attachment":[{"href":"http:\/\/casadoamigo.org.br\/home\/wp-json\/wp\/v2\/media?parent=860"}],"curies":[{"name":"wp","href":"https:\/\/api.w.org\/{rel}","templated":true}]}}