{"id":862,"date":"2025-01-16T22:37:15","date_gmt":"2025-01-16T22:37:15","guid":{"rendered":"https:\/\/casadoamigo.org.br\/home\/?page_id=862"},"modified":"2026-01-20T22:04:44","modified_gmt":"2026-01-20T22:04:44","slug":"2024-2","status":"publish","type":"page","link":"http:\/\/casadoamigo.org.br\/home\/2024-2\/","title":{"rendered":"2024"},"content":{"rendered":"<p><a href=\"http:\/\/casadoamigo.org.br\/home\/wp-content\/uploads\/2026\/01\/demonstrativo-receitas-e-despesas-emenda-federal-1.pdf\">demonstrativo receitas e despesas emenda federal<\/a><\/p>\n<p><a href=\"http:\/\/casadoamigo.org.br\/home\/wp-content\/uploads\/2026\/01\/demonstrativo-receitas-e-despesas-Fundcad-.pdf\">demonstrativo receitas e despesas Fundcad<\/a><\/p>\n<p><a href=\"http:\/\/casadoamigo.org.br\/home\/wp-content\/uploads\/2026\/01\/demonstrativo-receitas-e-despesas-Fundcad1.pdf\">demonstrativo receitas e despesas Fundcad1<\/a><\/p>\n<p><a href=\"http:\/\/casadoamigo.org.br\/home\/wp-content\/uploads\/2026\/01\/prestacao-de-contas-judiciario-1.pdf\">presta\u00e7\u00e3o de contas judici\u00e1rio<\/a><\/p>\n<p><a href=\"http:\/\/casadoamigo.org.br\/home\/wp-content\/uploads\/2026\/01\/demonstrativo-receitas-e-despesas-recurso-MRS.pdf\">demonstrativo receitas e despesas recurso MRS<\/a><\/p>\n","protected":false},"excerpt":{"rendered":"<p>demonstrativo receitas e despesas emenda federal demonstrativo receitas e despesas Fundcad demonstrativo receitas e despesas Fundcad1 presta\u00e7\u00e3o de contas judici\u00e1rio demonstrativo receitas e despesas recurso MRS<\/p>\n","protected":false},"author":1,"featured_media":0,"parent":0,"menu_order":0,"comment_status":"closed","ping_status":"closed","template":"","meta":{"footnotes":""},"class_list":["post-862","page","type-page","status-publish","hentry","post"],"_links":{"self":[{"href":"http:\/\/casadoamigo.org.br\/home\/wp-json\/wp\/v2\/pages\/862","targetHints":{"allow":["GET"]}}],"collection":[{"href":"http:\/\/casadoamigo.org.br\/home\/wp-json\/wp\/v2\/pages"}],"about":[{"href":"http:\/\/casadoamigo.org.br\/home\/wp-json\/wp\/v2\/types\/page"}],"author":[{"embeddable":true,"href":"http:\/\/casadoamigo.org.br\/home\/wp-json\/wp\/v2\/users\/1"}],"replies":[{"embeddable":true,"href":"http:\/\/casadoamigo.org.br\/home\/wp-json\/wp\/v2\/comments?post=862"}],"version-history":[{"count":9,"href":"http:\/\/casadoamigo.org.br\/home\/wp-json\/wp\/v2\/pages\/862\/revisions"}],"predecessor-version":[{"id":1140,"href":"http:\/\/casadoamigo.org.br\/home\/wp-json\/wp\/v2\/pages\/862\/revisions\/1140"}],"wp:attachment":[{"href":"http:\/\/casadoamigo.org.br\/home\/wp-json\/wp\/v2\/media?parent=862"}],"curies":[{"name":"wp","href":"https:\/\/api.w.org\/{rel}","templated":true}]}}