{"id":923,"date":"2026-01-19T20:32:30","date_gmt":"2026-01-19T20:32:30","guid":{"rendered":"http:\/\/casadoamigo.org.br\/home\/?page_id=923"},"modified":"2026-01-20T17:13:13","modified_gmt":"2026-01-20T17:13:13","slug":"relatorio-de-atividades","status":"publish","type":"page","link":"http:\/\/casadoamigo.org.br\/home\/relatorio-de-atividades\/","title":{"rendered":"Relat\u00f3rio de atividades"},"content":{"rendered":"<p><a href=\"http:\/\/casadoamigo.org.br\/home\/wp-content\/uploads\/2026\/01\/RELATORIO-DE-ATIVIDADES-2015.pdf\">RELAT\u00d3RIO DE ATIVIDADES 2015<\/a><\/p>\n<p><a href=\"http:\/\/casadoamigo.org.br\/home\/wp-content\/uploads\/2026\/01\/RELATORIO-DE-ATIVIDADES-2016.pdf\">RELAT\u00d3RIO DE ATIVIDADES 2016<\/a><\/p>\n<p><a href=\"http:\/\/casadoamigo.org.br\/home\/wp-content\/uploads\/2026\/01\/RELATORIO-DE-ATIVIDADES-2017.pdf\">RELAT\u00d3RIO DE ATIVIDADES 2017<\/a><\/p>\n<p><a href=\"http:\/\/casadoamigo.org.br\/home\/wp-content\/uploads\/2026\/01\/RELATORIO-DE-ATIVIDADES-2018.pdf\">RELAT\u00d3RIO DE ATIVIDADES 2018<\/a><\/p>\n<p><a href=\"http:\/\/casadoamigo.org.br\/home\/wp-content\/uploads\/2026\/01\/Relatorio-de-atividades-2019-assinado.pdf\">Relatorio de atividades 2019<\/a><\/p>\n<p><a href=\"http:\/\/casadoamigo.org.br\/home\/wp-content\/uploads\/2026\/01\/Relatorio-de-Atividades-2020.pdf\">Relat\u00f3rio de Atividades 2020<\/a><\/p>\n<p><a href=\"http:\/\/casadoamigo.org.br\/home\/wp-content\/uploads\/2026\/01\/Relatorio-de-Atividades-2021.pdf\">Relat\u00f3rio de Atividades 2021<\/a><\/p>\n<p><a href=\"http:\/\/casadoamigo.org.br\/home\/wp-content\/uploads\/2026\/01\/Relatorio-de-Atividades-2022.pdf\">Relat\u00f3rio de Atividades 2022<\/a><\/p>\n<p><a href=\"http:\/\/casadoamigo.org.br\/home\/wp-content\/uploads\/2026\/01\/Relatorio-de-Atividades-de-2023.pdf\">Relat\u00f3rio de Atividades de 2023<\/a><\/p>\n<p><a href=\"http:\/\/casadoamigo.org.br\/home\/wp-content\/uploads\/2026\/01\/relatorio-de-atividades-2024.pdf\">relat\u00f3rio de atividades 2024<\/a><\/p>\n<p><a href=\"http:\/\/casadoamigo.org.br\/home\/wp-content\/uploads\/2026\/01\/Relatorio-de-Atividades-anual-de-2025.pdf\">Relat\u00f3rio de Atividades de 2025<\/a><\/p>\n<p>&nbsp;<\/p>\n","protected":false},"excerpt":{"rendered":"<p>RELAT\u00d3RIO DE ATIVIDADES 2015 RELAT\u00d3RIO DE ATIVIDADES 2016 RELAT\u00d3RIO DE ATIVIDADES 2017 RELAT\u00d3RIO DE ATIVIDADES 2018 Relatorio de atividades 2019 Relat\u00f3rio de Atividades 2020 Relat\u00f3rio de Atividades 2021 Relat\u00f3rio de Atividades 2022 Relat\u00f3rio de Atividades de 2023 relat\u00f3rio de atividades 2024 Relat\u00f3rio de Atividades de 2025 &nbsp;<\/p>\n","protected":false},"author":1,"featured_media":0,"parent":0,"menu_order":0,"comment_status":"closed","ping_status":"closed","template":"","meta":{"footnotes":""},"class_list":["post-923","page","type-page","status-publish","hentry","post"],"_links":{"self":[{"href":"http:\/\/casadoamigo.org.br\/home\/wp-json\/wp\/v2\/pages\/923","targetHints":{"allow":["GET"]}}],"collection":[{"href":"http:\/\/casadoamigo.org.br\/home\/wp-json\/wp\/v2\/pages"}],"about":[{"href":"http:\/\/casadoamigo.org.br\/home\/wp-json\/wp\/v2\/types\/page"}],"author":[{"embeddable":true,"href":"http:\/\/casadoamigo.org.br\/home\/wp-json\/wp\/v2\/users\/1"}],"replies":[{"embeddable":true,"href":"http:\/\/casadoamigo.org.br\/home\/wp-json\/wp\/v2\/comments?post=923"}],"version-history":[{"count":26,"href":"http:\/\/casadoamigo.org.br\/home\/wp-json\/wp\/v2\/pages\/923\/revisions"}],"predecessor-version":[{"id":963,"href":"http:\/\/casadoamigo.org.br\/home\/wp-json\/wp\/v2\/pages\/923\/revisions\/963"}],"wp:attachment":[{"href":"http:\/\/casadoamigo.org.br\/home\/wp-json\/wp\/v2\/media?parent=923"}],"curies":[{"name":"wp","href":"https:\/\/api.w.org\/{rel}","templated":true}]}}