{"id":972,"date":"2026-01-20T17:33:46","date_gmt":"2026-01-20T17:33:46","guid":{"rendered":"https:\/\/casadoamigo.org.br\/home\/?page_id=972"},"modified":"2026-01-20T22:42:20","modified_gmt":"2026-01-20T22:42:20","slug":"judiciario","status":"publish","type":"page","link":"http:\/\/casadoamigo.org.br\/home\/judiciario\/","title":{"rendered":"JUDICI\u00c1RIO &#8211; 2025"},"content":{"rendered":"<p><a href=\"http:\/\/casadoamigo.org.br\/home\/wp-content\/uploads\/2026\/01\/prestacao-de-contas-judiciario-2.pdf\">presta\u00e7\u00e3o de contas judici\u00e1rio<\/a><\/p>\n","protected":false},"excerpt":{"rendered":"<p>presta\u00e7\u00e3o de contas judici\u00e1rio<\/p>\n","protected":false},"author":1,"featured_media":0,"parent":0,"menu_order":0,"comment_status":"closed","ping_status":"closed","template":"","meta":{"footnotes":""},"class_list":["post-972","page","type-page","status-publish","hentry","post"],"_links":{"self":[{"href":"http:\/\/casadoamigo.org.br\/home\/wp-json\/wp\/v2\/pages\/972","targetHints":{"allow":["GET"]}}],"collection":[{"href":"http:\/\/casadoamigo.org.br\/home\/wp-json\/wp\/v2\/pages"}],"about":[{"href":"http:\/\/casadoamigo.org.br\/home\/wp-json\/wp\/v2\/types\/page"}],"author":[{"embeddable":true,"href":"http:\/\/casadoamigo.org.br\/home\/wp-json\/wp\/v2\/users\/1"}],"replies":[{"embeddable":true,"href":"http:\/\/casadoamigo.org.br\/home\/wp-json\/wp\/v2\/comments?post=972"}],"version-history":[{"count":3,"href":"http:\/\/casadoamigo.org.br\/home\/wp-json\/wp\/v2\/pages\/972\/revisions"}],"predecessor-version":[{"id":1156,"href":"http:\/\/casadoamigo.org.br\/home\/wp-json\/wp\/v2\/pages\/972\/revisions\/1156"}],"wp:attachment":[{"href":"http:\/\/casadoamigo.org.br\/home\/wp-json\/wp\/v2\/media?parent=972"}],"curies":[{"name":"wp","href":"https:\/\/api.w.org\/{rel}","templated":true}]}}