{"id":632,"date":"2024-07-27T00:30:09","date_gmt":"2024-07-27T00:30:09","guid":{"rendered":"http:\/\/casadoamigo.org.br\/home\/?page_id=632"},"modified":"2024-07-27T00:31:04","modified_gmt":"2024-07-27T00:31:04","slug":"brinque-com-seu-filho","status":"publish","type":"page","link":"https:\/\/casadoamigo.org.br\/home\/brinque-com-seu-filho\/","title":{"rendered":"Brinque com seu filho"},"content":{"rendered":"<hr>\n<h2><span style=\"color: #000080;\">Brinque com seu filho<\/span><\/h2>\n<p>N\u00f3s da Casa do Amigo sabemos o quanto brincar \u00e9 importante para o desenvolvimento e a felicidade das crian\u00e7as com Transtorno do Espectro Autista (TEA). Queremos incentivar voc\u00ea, pai, m\u00e3e, av\u00f4, av\u00f3 ou cuidador, a criar momentos especiais de divers\u00e3o e aprendizado com seu filho.<\/p>\n<p>Por que brincar juntos \u00e9 fundamental?<\/p>\n<p>Fortalece o v\u00ednculo: Brincar \u00e9 uma maneira poderosa de se conectar e construir uma rela\u00e7\u00e3o de confian\u00e7a e carinho.<\/p>\n<p>Estimula o desenvolvimento: As brincadeiras ajudam no desenvolvimento das habilidades motoras, sociais e cognitivas da crian\u00e7a.<\/p>\n<p>Promove a comunica\u00e7\u00e3o: Durante o brincar, seu filho pode expressar-se de maneiras \u00fanicas, fortalecendo a comunica\u00e7\u00e3o e a intera\u00e7\u00e3o.<\/p>\n<p>\u00c9 divertido e terap\u00eautico: Brincar traz alegria e relaxamento, proporcionando um ambiente seguro para explorar e aprender.<\/p>\n<p>Ideias para brincar juntos:<\/p>\n<p>&#x1f538; Explora\u00e7\u00e3o sensorial: Use diferentes texturas, cores e materiais para estimular os sentidos.<\/p>\n<p>&#x1f538; Jogos de imita\u00e7\u00e3o: Brinque de faz de conta, usando objetos do dia a dia para criar hist\u00f3rias e aventuras.<\/p>\n<p>&#x1f538; Atividades criativas: Pintura, m\u00fasica, dan\u00e7a e artesanato s\u00e3o \u00f3timas formas de express\u00e3o e divers\u00e3o.<\/p>\n<p>&#x1f538; Quebra-cabe\u00e7as e jogos educativos: Estimule o racioc\u00ednio e a colabora\u00e7\u00e3o com jogos que desafiem a mente.<\/p>\n<p>Vamos juntos criar momentos felizes e enriquecedores para seu filho! Compartilhe suas experi\u00eancias conosco usando #BrincarComCasaDoAmigo.<\/p>\n","protected":false},"excerpt":{"rendered":"<p>Brinque com seu filho N\u00f3s da Casa do Amigo sabemos o quanto brincar \u00e9 importante para o desenvolvimento e a felicidade das crian\u00e7as com Transtorno do Espectro Autista (TEA). Queremos incentivar voc\u00ea, pai, m\u00e3e, av\u00f4, av\u00f3 ou cuidador, a criar momentos especiais de divers\u00e3o e aprendizado com seu filho. Por que brincar juntos \u00e9 fundamental? [&hellip;]<\/p>\n","protected":false},"author":1,"featured_media":0,"parent":0,"menu_order":0,"comment_status":"closed","ping_status":"closed","template":"","meta":{"footnotes":""},"class_list":["post-632","page","type-page","status-publish","hentry","post"],"_links":{"self":[{"href":"https:\/\/casadoamigo.org.br\/home\/wp-json\/wp\/v2\/pages\/632","targetHints":{"allow":["GET"]}}],"collection":[{"href":"https:\/\/casadoamigo.org.br\/home\/wp-json\/wp\/v2\/pages"}],"about":[{"href":"https:\/\/casadoamigo.org.br\/home\/wp-json\/wp\/v2\/types\/page"}],"author":[{"embeddable":true,"href":"https:\/\/casadoamigo.org.br\/home\/wp-json\/wp\/v2\/users\/1"}],"replies":[{"embeddable":true,"href":"https:\/\/casadoamigo.org.br\/home\/wp-json\/wp\/v2\/comments?post=632"}],"version-history":[{"count":2,"href":"https:\/\/casadoamigo.org.br\/home\/wp-json\/wp\/v2\/pages\/632\/revisions"}],"predecessor-version":[{"id":634,"href":"https:\/\/casadoamigo.org.br\/home\/wp-json\/wp\/v2\/pages\/632\/revisions\/634"}],"wp:attachment":[{"href":"https:\/\/casadoamigo.org.br\/home\/wp-json\/wp\/v2\/media?parent=632"}],"curies":[{"name":"wp","href":"https:\/\/api.w.org\/{rel}","templated":true}]}}