{"id":637,"date":"2024-07-27T02:06:31","date_gmt":"2024-07-27T02:06:31","guid":{"rendered":"https:\/\/casadoamigo.org.br\/home\/?page_id=637"},"modified":"2024-07-27T02:06:48","modified_gmt":"2024-07-27T02:06:48","slug":"celebramos-a-diversidade","status":"publish","type":"page","link":"https:\/\/casadoamigo.org.br\/home\/celebramos-a-diversidade\/","title":{"rendered":"Celebramos a diversidade"},"content":{"rendered":"<hr>\n<h2><span style=\"color: #333399;\">Celebramos a diversidade<\/span><\/h2>\n<p>Na Casa do Amigo, celebramos diariamente a diversidade \u00fanica e maravilhosa das crian\u00e7as com Transtorno do Espectro Autista (TEA). Cada uma delas tem uma forma especial de ver e interagir com o mundo, trazendo perspectivas e talentos \u00fanicos que enriquecem nossas vidas.<\/p>\n<p>Para os cuidadores, familiares e amigos: voc\u00eas s\u00e3o parte essencial dessa jornada. Seu apoio, compreens\u00e3o e amor s\u00e3o fundamentais para que cada crian\u00e7a brilhe com sua pr\u00f3pria luz.<\/p>\n<p>Vamos juntos celebrar e respeitar essas diferen\u00e7as, valorizando a singularidade de cada um. Porque ser diferente \u00e9 ser especial!<\/p>\n","protected":false},"excerpt":{"rendered":"<p>Celebramos a diversidade Na Casa do Amigo, celebramos diariamente a diversidade \u00fanica e maravilhosa das crian\u00e7as com Transtorno do Espectro Autista (TEA). Cada uma delas tem uma forma especial de ver e interagir com o mundo, trazendo perspectivas e talentos \u00fanicos que enriquecem nossas vidas. Para os cuidadores, familiares e amigos: voc\u00eas s\u00e3o parte essencial [&hellip;]<\/p>\n","protected":false},"author":1,"featured_media":0,"parent":0,"menu_order":0,"comment_status":"closed","ping_status":"closed","template":"","meta":{"footnotes":""},"class_list":["post-637","page","type-page","status-publish","hentry","post"],"_links":{"self":[{"href":"https:\/\/casadoamigo.org.br\/home\/wp-json\/wp\/v2\/pages\/637","targetHints":{"allow":["GET"]}}],"collection":[{"href":"https:\/\/casadoamigo.org.br\/home\/wp-json\/wp\/v2\/pages"}],"about":[{"href":"https:\/\/casadoamigo.org.br\/home\/wp-json\/wp\/v2\/types\/page"}],"author":[{"embeddable":true,"href":"https:\/\/casadoamigo.org.br\/home\/wp-json\/wp\/v2\/users\/1"}],"replies":[{"embeddable":true,"href":"https:\/\/casadoamigo.org.br\/home\/wp-json\/wp\/v2\/comments?post=637"}],"version-history":[{"count":1,"href":"https:\/\/casadoamigo.org.br\/home\/wp-json\/wp\/v2\/pages\/637\/revisions"}],"predecessor-version":[{"id":638,"href":"https:\/\/casadoamigo.org.br\/home\/wp-json\/wp\/v2\/pages\/637\/revisions\/638"}],"wp:attachment":[{"href":"https:\/\/casadoamigo.org.br\/home\/wp-json\/wp\/v2\/media?parent=637"}],"curies":[{"name":"wp","href":"https:\/\/api.w.org\/{rel}","templated":true}]}}