{"id":680,"date":"2024-07-27T07:34:05","date_gmt":"2024-07-27T07:34:05","guid":{"rendered":"https:\/\/casadoamigo.org.br\/home\/?page_id=680"},"modified":"2024-07-27T19:20:59","modified_gmt":"2024-07-27T19:20:59","slug":"informativo","status":"publish","type":"page","link":"https:\/\/casadoamigo.org.br\/home\/informativo\/","title":{"rendered":"Informativo"},"content":{"rendered":"<div id=\"pl-680\"  class=\"panel-layout\" ><div id=\"pg-680-0\"  class=\"panel-grid panel-no-style\" ><div id=\"pgc-680-0-0\"  class=\"panel-grid-cell\" ><div id=\"panel-680-0-0-0\" class=\"so-panel widget widget_sow-editor panel-first-child panel-last-child\" data-index=\"0\" ><div class=\"panel-widget-style panel-widget-style-for-680-0-0-0\" ><div\n\t\t\t\n\t\t\tclass=\"so-widget-sow-editor so-widget-sow-editor-base\"\n\t\t\t\n\t\t>\n<div class=\"siteorigin-widget-tinymce textwidget\">\n\t<p style=\"text-align: center;\"><span style=\"font-size: 24pt;\">Informativo<\/span><\/p>\n<p style=\"text-align: center;\"><span style=\"font-size: 14pt;\">Vamos falar sobre as nossas viv\u00eancias e experi\u00eancias, trazendo conte\u00fados que informam e sensibilizam ao mesmo tempo que conscientizam sobre o TEA. Acompanhe nosso blog.<\/span><\/p>\n<\/div>\n<\/div><\/div><\/div><\/div><\/div><div id=\"pg-680-1\"  class=\"panel-grid panel-no-style\" ><div id=\"pgc-680-1-0\"  class=\"panel-grid-cell\" ><div id=\"panel-680-1-0-0\" class=\"so-panel widget widget_sow-editor panel-first-child panel-last-child\" data-index=\"1\" ><div\n\t\t\t\n\t\t\tclass=\"so-widget-sow-editor so-widget-sow-editor-base\"\n\t\t\t\n\t\t>\n<div class=\"siteorigin-widget-tinymce textwidget\">\n\t<hr \/>\n<p style=\"text-align: center;\">\n<div class=\"pt-cv-wrapper\">\n<div class=\"pt-cv-view pt-cv-blockgrid iscvblock iscvhybrid grid1 layout1\" id=\"pt-cv-view-89df625p7w\">\n<div data-id=\"pt-cv-page-1\" class=\"pt-cv-page\" data-cvc=\"3\">\n<div class=\" pt-cv-content-item pt-cv-1-col\" >\n<h4 class=\"pt-cv-title\"><a href=\"https:\/\/casadoamigo.org.br\/home\/nota-fiscal-paulista-ajude\/\" class=\"_self\" target=\"_self\" >Nota Fiscal Paulista!!! Ajude!!!<\/a><\/h4>\n<div class=\"pt-cv-content\">Boa tarde gente! A Casa do Amigo precisa muito de sua contribui\u00e7\u00e3o. Os cr\u00e9ditos da nota fiscal paulista, que nos ...<\/p>\n<div class=\"pt-cv-rmwrap\"><a href=\"https:\/\/casadoamigo.org.br\/home\/nota-fiscal-paulista-ajude\/\" class=\"_self pt-cv-readmore btn btn-success\" target=\"_self\">Leia Mais<\/a><\/div>\n<\/div>\n<\/div>\n<div class=\" pt-cv-content-item pt-cv-1-col\" >\n<h4 class=\"pt-cv-title\"><a href=\"https:\/\/casadoamigo.org.br\/home\/nossos-parceiros\/\" class=\"_self\" target=\"_self\" >Nossos parceiros<\/a><\/h4>\n<div class=\"pt-cv-content\"><a class=\"fbx-instance fbx-link\" href=\"http:\/\/casadoamigo.org.br\/home\/wp-content\/uploads\/2016\/10\/logo-mrs.jpg\"><\/a><a class=\"fbx-instance fbx-link\" href=\"http:\/\/casadoamigo.org.br\/home\/wp-content\/uploads\/2016\/10\/logo-gordo.jpg\"><\/a> <a href=\"http:\/\/casadoamigo.org.br\/home\/wp-content\/uploads\/2024\/07\/transferir.png\"><\/a> <a href=\"http:\/\/casadoamigo.org.br\/home\/wp-content\/uploads\/2024\/07\/transferir-1.png\"><\/a> ...<\/p>\n<div class=\"pt-cv-rmwrap\"><a href=\"https:\/\/casadoamigo.org.br\/home\/nossos-parceiros\/\" class=\"_self pt-cv-readmore btn btn-success\" target=\"_self\">Leia Mais<\/a><\/div>\n<\/div>\n<\/div>\n<div class=\" pt-cv-content-item pt-cv-1-col\" >\n<h4 class=\"pt-cv-title\"><a href=\"https:\/\/casadoamigo.org.br\/home\/ampliacao-do-quadro-de-associados\/\" class=\"_self\" target=\"_self\" >Amplia\u00e7\u00e3o do quadro de Associados<\/a><\/h4>\n<div class=\"pt-cv-content\">A Associa\u00e7\u00e3o Casa do Amigo est\u00e1 ampliando seu quadro de associados para poder cumprir seus projetos e sustentar seus sonhos ...<\/p>\n<div class=\"pt-cv-rmwrap\"><a href=\"https:\/\/casadoamigo.org.br\/home\/ampliacao-do-quadro-de-associados\/\" class=\"_self pt-cv-readmore btn btn-success\" target=\"_self\">Leia Mais<\/a><\/div>\n<\/div>\n<\/div>\n<\/div>\n<\/div>\n<\/div>\n<style type=\"text\/css\" id=\"pt-cv-inline-style-933e002i1d\">\n#pt-cv-view-89df625p7w .pt-cv-thumb-wrapper:not(.miniwrap) {  }#pt-cv-view-89df625p7w .pt-cv-thumbnail:not(.pt-cv-thumbnailsm) { height: 250px; }#pt-cv-view-89df625p7w > .pt-cv-page {grid-template-columns: repeat(3, 1fr);grid-gap: 15px;}\n@media all and (max-width: 1024px) { \n#pt-cv-view-89df625p7w > .pt-cv-page {grid-template-columns: repeat(2, 1fr);}\n} \n@media all and (max-width: 767px) { \n#pt-cv-view-89df625p7w > .pt-cv-page {grid-template-columns: repeat(1, 1fr);}\n} <\/style>\n<\/p>\n<hr \/>\n<\/div>\n<\/div><\/div><\/div><\/div><\/div>","protected":false},"excerpt":{"rendered":"<p>Informativo Vamos falar sobre as nossas viv\u00eancias e experi\u00eancias, trazendo conte\u00fados que informam e sensibilizam ao mesmo tempo que conscientizam sobre o TEA. Acompanhe nosso blog.<\/p>\n","protected":false},"author":1,"featured_media":0,"parent":0,"menu_order":0,"comment_status":"closed","ping_status":"closed","template":"","meta":{"footnotes":""},"class_list":["post-680","page","type-page","status-publish","hentry","post"],"_links":{"self":[{"href":"https:\/\/casadoamigo.org.br\/home\/wp-json\/wp\/v2\/pages\/680","targetHints":{"allow":["GET"]}}],"collection":[{"href":"https:\/\/casadoamigo.org.br\/home\/wp-json\/wp\/v2\/pages"}],"about":[{"href":"https:\/\/casadoamigo.org.br\/home\/wp-json\/wp\/v2\/types\/page"}],"author":[{"embeddable":true,"href":"https:\/\/casadoamigo.org.br\/home\/wp-json\/wp\/v2\/users\/1"}],"replies":[{"embeddable":true,"href":"https:\/\/casadoamigo.org.br\/home\/wp-json\/wp\/v2\/comments?post=680"}],"version-history":[{"count":15,"href":"https:\/\/casadoamigo.org.br\/home\/wp-json\/wp\/v2\/pages\/680\/revisions"}],"predecessor-version":[{"id":700,"href":"https:\/\/casadoamigo.org.br\/home\/wp-json\/wp\/v2\/pages\/680\/revisions\/700"}],"wp:attachment":[{"href":"https:\/\/casadoamigo.org.br\/home\/wp-json\/wp\/v2\/media?parent=680"}],"curies":[{"name":"wp","href":"https:\/\/api.w.org\/{rel}","templated":true}]}}